{"id":4496,"date":"2023-07-27T12:03:58","date_gmt":"2023-07-27T12:03:58","guid":{"rendered":"https:\/\/stihia.org\/refund-policy\/"},"modified":"2025-01-14T12:56:47","modified_gmt":"2025-01-14T12:56:47","slug":"refund-policy","status":"publish","type":"page","link":"https:\/\/stihia.org\/ka\/refund-policy\/","title":{"rendered":"BILETLERDI QAYTAR\u00cdP TAPS\u00cdR\u00cdW T\u00c1RTIBI"},"content":{"rendered":"\n<ul class=\"wp-block-list\">\n<li>Festival biykar etilgen yamasa keyinge qald\u0131r\u0131l\u01f5an ja\u01f5dayda, sat\u0131p al\u0131n\u01f5an biletler ush\u0131n pul qarj\u0131lar\u0131n qaytar\u0131w biletti\u0144 aqshas\u0131n qaytar\u0131w tuwral\u0131 arza qol qoy\u0131l\u01f5an k\u00fannen baslap 10 jum\u0131s k\u00fani ishinde \u00e1melge as\u0131r\u0131lad\u0131.<\/li>\n\n\n\n<li>Eger ilaj belgilengen t\u00e1rtipte \u00f3tkerilse, biletler qaytar\u0131lmayd\u0131.<\/li>\n\n\n\n<li>Sorawlar ush\u0131n m\u0131na m\u00e1nzillerge xabarlas\u0131w\u0131\u0144\u0131z m\u00famkin support@mocreative.org elektron pochta m\u00e1nzili, yamasa telegram arqal\u0131<a href=\"https:\/\/t.me\/moc_support\"> https:\/\/t.me\/moc_support<\/a>.<\/li>\n<\/ul>\n","protected":false},"excerpt":{"rendered":"","protected":false},"author":1,"featured_media":0,"parent":0,"menu_order":0,"comment_status":"closed","ping_status":"closed","template":"","meta":{"footnotes":""},"class_list":["post-4496","page","type-page","status-publish","hentry"],"yoast_head":"<!-- This site is optimized with the Yoast SEO plugin v24.5 - https:\/\/yoast.com\/wordpress\/plugins\/seo\/ -->\n<title>BILETLERDI QAYTAR\u00cdP TAPS\u00cdR\u00cdW T\u00c1RTIBI - Stihia<\/title>\n<meta name=\"robots\" content=\"index, follow, max-snippet:-1, max-image-preview:large, max-video-preview:-1\" \/>\n<link rel=\"canonical\" href=\"https:\/\/stihia.org\/ka\/refund-policy\/\" \/>\n<meta property=\"og:locale\" content=\"en_US\" \/>\n<meta property=\"og:type\" content=\"article\" \/>\n<meta property=\"og:title\" content=\"BILETLERDI QAYTAR\u00cdP TAPS\u00cdR\u00cdW T\u00c1RTIBI - Stihia\" \/>\n<meta property=\"og:url\" content=\"https:\/\/stihia.org\/ka\/refund-policy\/\" \/>\n<meta property=\"og:site_name\" content=\"Stihia\" \/>\n<meta property=\"article:modified_time\" content=\"2025-01-14T12:56:47+00:00\" \/>\n<meta name=\"twitter:card\" content=\"summary_large_image\" \/>\n<script type=\"application\/ld+json\" class=\"yoast-schema-graph\">{\"@context\":\"https:\/\/schema.org\",\"@graph\":[{\"@type\":\"WebPage\",\"@id\":\"https:\/\/stihia.org\/ka\/refund-policy\/\",\"url\":\"https:\/\/stihia.org\/ka\/refund-policy\/\",\"name\":\"BILETLERDI QAYTAR\u00cdP TAPS\u00cdR\u00cdW T\u00c1RTIBI - Stihia\",\"isPartOf\":{\"@id\":\"https:\/\/stihia.org\/ru\/#website\"},\"datePublished\":\"2023-07-27T12:03:58+00:00\",\"dateModified\":\"2025-01-14T12:56:47+00:00\",\"breadcrumb\":{\"@id\":\"https:\/\/stihia.org\/ka\/refund-policy\/#breadcrumb\"},\"inLanguage\":\"qq-QQ\",\"potentialAction\":[{\"@type\":\"ReadAction\",\"target\":[\"https:\/\/stihia.org\/ka\/refund-policy\/\"]}]},{\"@type\":\"BreadcrumbList\",\"@id\":\"https:\/\/stihia.org\/ka\/refund-policy\/#breadcrumb\",\"itemListElement\":[{\"@type\":\"ListItem\",\"position\":1,\"name\":\"Home\",\"item\":\"https:\/\/stihia.org\/\"},{\"@type\":\"ListItem\",\"position\":2,\"name\":\"BILETLERDI QAYTAR\u00cdP TAPS\u00cdR\u00cdW T\u00c1RTIBI\"}]},{\"@type\":\"WebSite\",\"@id\":\"https:\/\/stihia.org\/ru\/#website\",\"url\":\"https:\/\/stihia.org\/ru\/\",\"name\":\"Stihia\",\"description\":\"Waiting in sands\u2026\",\"potentialAction\":[{\"@type\":\"SearchAction\",\"target\":{\"@type\":\"EntryPoint\",\"urlTemplate\":\"https:\/\/stihia.org\/ru\/?s={search_term_string}\"},\"query-input\":{\"@type\":\"PropertyValueSpecification\",\"valueRequired\":true,\"valueName\":\"search_term_string\"}}],\"inLanguage\":\"qq-QQ\"}]}<\/script>\n<!-- \/ Yoast SEO plugin. -->","yoast_head_json":{"title":"BILETLERDI QAYTAR\u00cdP TAPS\u00cdR\u00cdW T\u00c1RTIBI - Stihia","robots":{"index":"index","follow":"follow","max-snippet":"max-snippet:-1","max-image-preview":"max-image-preview:large","max-video-preview":"max-video-preview:-1"},"canonical":"https:\/\/stihia.org\/ka\/refund-policy\/","og_locale":"en_US","og_type":"article","og_title":"BILETLERDI QAYTAR\u00cdP TAPS\u00cdR\u00cdW T\u00c1RTIBI - Stihia","og_url":"https:\/\/stihia.org\/ka\/refund-policy\/","og_site_name":"Stihia","article_modified_time":"2025-01-14T12:56:47+00:00","twitter_card":"summary_large_image","schema":{"@context":"https:\/\/schema.org","@graph":[{"@type":"WebPage","@id":"https:\/\/stihia.org\/ka\/refund-policy\/","url":"https:\/\/stihia.org\/ka\/refund-policy\/","name":"BILETLERDI QAYTAR\u00cdP TAPS\u00cdR\u00cdW T\u00c1RTIBI - Stihia","isPartOf":{"@id":"https:\/\/stihia.org\/ru\/#website"},"datePublished":"2023-07-27T12:03:58+00:00","dateModified":"2025-01-14T12:56:47+00:00","breadcrumb":{"@id":"https:\/\/stihia.org\/ka\/refund-policy\/#breadcrumb"},"inLanguage":"qq-QQ","potentialAction":[{"@type":"ReadAction","target":["https:\/\/stihia.org\/ka\/refund-policy\/"]}]},{"@type":"BreadcrumbList","@id":"https:\/\/stihia.org\/ka\/refund-policy\/#breadcrumb","itemListElement":[{"@type":"ListItem","position":1,"name":"Home","item":"https:\/\/stihia.org\/"},{"@type":"ListItem","position":2,"name":"BILETLERDI QAYTAR\u00cdP TAPS\u00cdR\u00cdW T\u00c1RTIBI"}]},{"@type":"WebSite","@id":"https:\/\/stihia.org\/ru\/#website","url":"https:\/\/stihia.org\/ru\/","name":"Stihia","description":"Waiting in sands\u2026","potentialAction":[{"@type":"SearchAction","target":{"@type":"EntryPoint","urlTemplate":"https:\/\/stihia.org\/ru\/?s={search_term_string}"},"query-input":{"@type":"PropertyValueSpecification","valueRequired":true,"valueName":"search_term_string"}}],"inLanguage":"qq-QQ"}]}},"_links":{"self":[{"href":"https:\/\/stihia.org\/ka\/wp-json\/wp\/v2\/pages\/4496","targetHints":{"allow":["GET"]}}],"collection":[{"href":"https:\/\/stihia.org\/ka\/wp-json\/wp\/v2\/pages"}],"about":[{"href":"https:\/\/stihia.org\/ka\/wp-json\/wp\/v2\/types\/page"}],"author":[{"embeddable":true,"href":"https:\/\/stihia.org\/ka\/wp-json\/wp\/v2\/users\/1"}],"replies":[{"embeddable":true,"href":"https:\/\/stihia.org\/ka\/wp-json\/wp\/v2\/comments?post=4496"}],"version-history":[{"count":4,"href":"https:\/\/stihia.org\/ka\/wp-json\/wp\/v2\/pages\/4496\/revisions"}],"predecessor-version":[{"id":8598,"href":"https:\/\/stihia.org\/ka\/wp-json\/wp\/v2\/pages\/4496\/revisions\/8598"}],"wp:attachment":[{"href":"https:\/\/stihia.org\/ka\/wp-json\/wp\/v2\/media?parent=4496"}],"curies":[{"name":"wp","href":"https:\/\/api.w.org\/{rel}","templated":true}]}}