{"id":8681,"date":"2025-01-15T13:38:58","date_gmt":"2025-01-15T13:38:58","guid":{"rendered":"https:\/\/stihia.org\/?page_id=8681"},"modified":"2025-01-15T13:39:00","modified_gmt":"2025-01-15T13:39:00","slug":"qupiyaliliq-siyasati","status":"publish","type":"page","link":"https:\/\/stihia.org\/ka\/qupiyaliliq-siyasati\/","title":{"rendered":"QUP\u00cdYAL\u00cdL\u00cdQ SIYASAT\u00cd\u00a0"},"content":{"rendered":"\n<p>Kirisiw<\/p>\n\n\n\n<p>\u201c\u041a\u043e\u043c\u043f\u0430\u043d\u0438\u044f \u041d\u0435\u043e\u043f\u0440\u0435\u0434\u0435\u043b\u0435\u043d\u043d\u044b\u0445 \u041f\u0440\u043e\u0435\u043a\u0442\u043e\u0432\u201d (\u201c\u041a\u041d\u041f\u201d) JShJ siz haqq\u0131nda ma\u01f5l\u0131wmatlard\u0131\u0144 qup\u0131yal\u0131l\u0131\u01f5\u0131n \u00f3z moyn\u0131na alad\u0131. Bul qup\u0131yal\u0131q siyasat\u0131n\u0131\u0144 maqseti biz siz haqq\u0131nda topla\u01f5an jeke ma\u01f5l\u0131wmatlardan, bizde bar bol\u01f5an h\u00e1r qanday jeke ma\u01f5l\u0131wmatlar\u01f5a bol\u01f5an huq\u0131qlar\u0131\u0144\u0131zdan qalay paydalan\u0131w\u0131m\u0131zd\u0131 t\u00fasindiriw bol\u0131p tab\u0131lad\u0131.<\/p>\n\n\n\n<p>Bul qup\u0131yal\u0131l\u0131q siyasat\u0131 sizge t\u00f3mendegi ja\u01f5daylarda qollan\u0131lad\u0131: eger siz AJK t\u00e1repinen islep sh\u0131\u01f5ar\u0131l\u01f5an yamasa sh\u00f3lkemlestirilgen or\u0131n yamasa ilaj\u01f5a kelse\u0144iz, ilajlar\u0131m\u0131zd\u0131\u0144 birine bilet sat\u0131p alsa\u0144\u0131z, x\u0131zmetlerimizdi\u0144 birin paydalansa\u0144\u0131z yamasa \u00f3nim yamasa x\u0131zmetlerimizden telefon, Internet, mobil qos\u0131mshalar\u0131m\u0131z yamasa basqa jollar arqal\u0131 paydalansa\u0144\u0131z, sonday-aq, bizi\u0144 q\u00e1legen veb-sayt\u0131m\u0131zdan paydalan\u0131p, yamasa biz benen sociall\u0131q tarmaqlarda (bizi\u0144 x\u0131zmetlerimiz) \u00f3z-ara baylan\u0131sta bol\u0131p, yamasa bizge \u00f3nim yamasa x\u0131zmetlerdi jetkerip beriw yamasa biz menen sh\u00e1rtnama d\u00faziw ja\u01f5daylar\u0131nda.<\/p>\n\n\n\n<p>Biz kimbiz?<\/p>\n\n\n\n<p>\u201c\u041a\u043e\u043c\u043f\u0430\u043d\u0438\u044f \u041d\u0435\u043e\u043f\u0440\u0435\u0434\u0435\u043b\u0435\u043d\u043d\u044b\u0445 \u041f\u0440\u043e\u0435\u043a\u0442\u043e\u0432\u201d (\u201c\u041a\u041d\u041f\u201d) JShJ 100 % jeke menshik k\u00e1rxana, \u00d3zbekstanda\u01f5\u0131 kewilashar m\u00e1kemeler h\u00e1m ilajlard\u0131\u0144 promouteri bol\u0131p tab\u0131lad\u0131.<\/p>\n\n\n\n<p>Bizi\u0144 baylan\u0131s boy\u0131nsha ma\u01f5l\u0131wmatlar\u0131m\u0131z&nbsp;<\/p>\n\n\n\n<p>Eger sizde us\u0131 qup\u0131yal\u0131l\u0131q siyasat\u0131 yamasa bizi\u0144 ma\u01f5l\u0131wmatlard\u0131 qayta islew \u00e1meliyat\u0131m\u0131z haqq\u0131nda pikirleri\u0144iz yamasa sorawlar\u0131\u0144\u0131z bolsa, olard\u0131 bizge company@unknownprojects.org m\u00e1nziline jiberi\u0144, yamasa m\u0131na pochta m\u00e1nzilimizge xat jiberi\u0144: Dosl\u0131q MPJ, \u00c1jiniyaz k\u00f3shesi, 276, Moynaq qalas\u0131, \u00d3zbekstan.<\/p>\n\n\n\n<p>Jeke ma\u01f5l\u0131wmatlar<\/p>\n\n\n\n<p>Biz sizi\u0144 jeke ma\u01f5l\u0131wmatlar\u0131\u0144\u0131zd\u0131 \u00f3zi\u0144iz bizge us\u0131n\u01f5an\u0131\u0144\u0131zda yamasa ilajlar\u0131m\u0131z ush\u0131n biletlerden paydalan\u01f5ani\u0144izda yamasa sat\u0131p al\u01f5an\u0131\u0144\u0131zda alam\u0131z. Biz toplaytu\u01f5\u0131n h\u00e1m paydalanatu\u01f5\u0131n jeke ma\u01f5l\u0131wmatlar taypalar\u0131:<\/p>\n\n\n\n<ul class=\"wp-block-list\">\n<li>at\u0131\u0144\u0131z; elektron pochta adresi; telefon nomeri, j\u0131n\u0131s\u0131\u0144\u0131z, tuw\u0131l\u01f5an s\u00e1neniz, jas\u0131\u0144\u0131z h\u00e1m \/ yamasa jas aral\u0131\u01f5\u0131;<\/li>\n\n\n\n<li>bizi\u0144 veb-saytimizga kiriw ush\u0131n siz paydalan\u01f5an q\u00e1legen qur\u0131lma haqq\u0131nda ma\u01f5l\u0131wmat;<\/li>\n\n\n\n<li>veb-sayt\u0131m\u0131z\u01f5a kirgen betler yamasa b\u00f3limler haqq\u0131nda ma\u01f5l\u0131wmatlar;<\/li>\n\n\n\n<li>bank esap beti ma\u01f5l\u0131wmatlar\u0131, t\u00f3lem kartas\u0131 ma\u01f5l\u0131wmatlar\u0131;<\/li>\n\n\n\n<li>biz menen telefon, elektron pochta, pochta arqal\u0131 baylan\u0131sqan\u0131\u0144\u0131zda yamasa sociall\u0131q tarmaqlar arqal\u0131 biz menen baylan\u0131sqan\u0131\u0144\u0131zda bizge siz us\u0131natu\u01f5\u0131n ma\u01f5l\u0131wmatlar;<\/li>\n\n\n\n<li>ta\u0144lawlar, daw\u0131slar h\u00e1m sorawlar\u01f5a juwap beriw arqal\u0131 siz bergen juwaplar;<\/li>\n\n\n\n<li>sizi\u0144 shaxs\u0131\u0144\u0131z, ul\u0131wma k\u00f3rinip tur\u01f5an profili\u0144iz, sociall\u0131q tarmaqta\u01f5\u0131 jaz\u0131l\u0131wlar\u0131\u0144\u0131z h\u00e1m layklar\u0131\u0144\u0131z; h\u00e1m\u00a0<\/li>\n\n\n\n<li>q\u00e1legen waq\u0131tta x\u0131zmetlerimizden paydalan\u01f5anda bizge jar\u0131yalaw\u0131\u0144\u0131z m\u00famkin bol\u01f5an basqa jeke ma\u01f5l\u0131wmatlar.<\/li>\n<\/ul>\n\n\n\n<p>Sizi\u0144 jeke ma\u01f5l\u0131wmatlar\u0131\u0144\u0131zd\u0131 birge paydalan\u0131w<\/p>\n\n\n\n<p>Biz sizi\u0144 jeke ma\u01f5l\u0131wmatlar\u0131\u0144\u0131z\u01f5a sherik sh\u00f3lkemlestiriwshilerimizge, sonday-aq, \u00d3zbekstan Respublikas\u0131n\u0131\u0144 m\u00e1mleketlik organlar\u0131na olard\u0131\u0144 soraw\u0131na qaray kiriw ruxsat\u0131n beremiz.<\/p>\n\n\n\n<p>Bul b\u00f3limde joqar\u0131da k\u00f3rsetilgen ja\u01f5daylardan t\u0131sqar\u0131, biz hesh qashan jeke ma\u01f5l\u0131wmatlar\u0131\u0144\u0131zd\u0131 sizge xabar bermesten h\u00e1m\/yaki sizi\u0144 raz\u0131l\u0131\u01f5\u0131\u0144\u0131zd\u0131 almastan \u00fashinshi t\u00e1repke \u00f3tkermeymiz, satpaym\u0131z yamasa paydalan\u0131p tur\u0131w\u01f5a bermeymiz.<\/p>\n\n\n\n<p>\u201cCookie\u201dler<\/p>\n\n\n\n<p>Biz veb-saytlar\u0131m\u0131zda cookie-fayllar h\u00e1m veb-mayaklardan paydalanam\u0131z. \u00dashinshi t\u00e1repler de \u00f3zlerini\u0144 cookie-fayllar\u0131n k\u00f3rip sh\u0131\u01f5ad\u0131, redaktorlayd\u0131 yamasa ornatad\u0131 yamasa veb-saytlar\u0131m\u0131z\u01f5a veb-mayaklard\u0131 ornatad\u0131. Cookie-fayllar h\u00e1m veb-mayaklar bizge h\u00e1m \u00fashinshi shaxslar\u01f5a sizdi basqa veb-sayt paydalan\u0131wsh\u0131lar\u0131nan aj\u0131rat\u0131p tur\u0131w\u01f5a m\u00famkinshilik beredi.<\/p>\n\n\n\n<p>Cookie-fayllar h\u00e1m veb-mayaklard\u0131 biz h\u00e1m \u00fashinshi t\u00e1repler t\u00f3mendegi maqsetler ush\u0131n paydalanam\u0131z:<\/p>\n\n\n\n<ul class=\"wp-block-list\">\n<li>veb-saytlar\u0131m\u0131zd\u0131\u0144 ay\u0131r\u0131m funkciyalar\u0131n qos\u0131w ush\u0131n (m\u0131sal\u0131, onlayn-d\u00fakannan sawda islegende qar\u0131ydar\u01f5a sebetti saqlap qal\u0131w\u01f5a ruxsat beriw);<\/li>\n\n\n\n<li>veb-saytlar\u0131m\u0131zd\u0131\u0144 trafigin analizlew ush\u0131n (m\u0131sal\u0131, biz belgili bir betti qansha adamn\u0131\u0144 k\u00f3rgenligin esaplaw\u0131m\u0131z yamasa veb-sayttan paydalan\u01f5anda kiriwshilerdi\u0144 qalay h\u00e1reketleniwin k\u00f3riwimiz h\u00e1m bul ma\u01f5l\u0131wmatlard\u0131 veb-saytt\u0131 jetilistiriw ush\u0131n paydalan\u0131w\u0131m\u0131z m\u00famkin);<\/li>\n\n\n\n<li>targeting reklamalar\u0131n sazlaw\u01f5a j\u00e1rdem beriw;<\/li>\n\n\n\n<li>retargetingdi (bul sizge ald\u0131n veb-saytta k\u00f3rgen, biraq sat\u0131p alma\u01f5an \u00f3nim yamasa x\u0131zmetlerdi\u0144 reklamas\u0131n\u0131\u0144 k\u00f3rsetiliwi) \u00e1melge as\u0131ra al\u0131w\u0131m\u0131z ush\u0131n;<\/li>\n\n\n\n<li>siz bizi\u0144 sociall\u0131q tarmaqlarda\u01f5\u0131 veb-saytlar\u0131m\u0131z benen \u00f3z-ara baylan\u0131sta bola al\u0131w\u0131\u0144\u0131z ush\u0131n.<\/li>\n<\/ul>\n","protected":false},"excerpt":{"rendered":"<p>Kirisiw \u201c\u041a\u043e\u043c\u043f\u0430\u043d\u0438\u044f \u041d\u0435\u043e\u043f\u0440\u0435\u0434\u0435\u043b\u0435\u043d\u043d\u044b\u0445 \u041f\u0440\u043e\u0435\u043a\u0442\u043e\u0432\u201d (\u201c\u041a\u041d\u041f\u201d) JShJ siz haqq\u0131nda ma\u01f5l\u0131wmatlard\u0131\u0144 qup\u0131yal\u0131l\u0131\u01f5\u0131n \u00f3z moyn\u0131na alad\u0131. Bul qup\u0131yal\u0131q siyasat\u0131n\u0131\u0144 maqseti biz siz haqq\u0131nda topla\u01f5an jeke [&hellip;]<\/p>\n","protected":false},"author":1,"featured_media":0,"parent":0,"menu_order":0,"comment_status":"closed","ping_status":"open","template":"","meta":{"footnotes":""},"class_list":["post-8681","page","type-page","status-publish","hentry"],"yoast_head":"<!-- This site is optimized with the Yoast SEO plugin v24.5 - https:\/\/yoast.com\/wordpress\/plugins\/seo\/ -->\n<title>QUP\u00cdYAL\u00cdL\u00cdQ SIYASAT\u00cd\u00a0 - Stihia<\/title>\n<meta name=\"robots\" content=\"index, follow, max-snippet:-1, max-image-preview:large, max-video-preview:-1\" \/>\n<link rel=\"canonical\" href=\"https:\/\/stihia.org\/ka\/qupiyaliliq-siyasati\/\" \/>\n<meta property=\"og:locale\" content=\"en_US\" \/>\n<meta property=\"og:type\" content=\"article\" \/>\n<meta property=\"og:title\" content=\"QUP\u00cdYAL\u00cdL\u00cdQ SIYASAT\u00cd\u00a0 - Stihia\" \/>\n<meta property=\"og:description\" content=\"Kirisiw \u201c\u041a\u043e\u043c\u043f\u0430\u043d\u0438\u044f \u041d\u0435\u043e\u043f\u0440\u0435\u0434\u0435\u043b\u0435\u043d\u043d\u044b\u0445 \u041f\u0440\u043e\u0435\u043a\u0442\u043e\u0432\u201d (\u201c\u041a\u041d\u041f\u201d) JShJ siz haqq\u0131nda ma\u01f5l\u0131wmatlard\u0131\u0144 qup\u0131yal\u0131l\u0131\u01f5\u0131n \u00f3z moyn\u0131na alad\u0131. Bul qup\u0131yal\u0131q siyasat\u0131n\u0131\u0144 maqseti biz siz haqq\u0131nda topla\u01f5an jeke [&hellip;]\" \/>\n<meta property=\"og:url\" content=\"https:\/\/stihia.org\/ka\/qupiyaliliq-siyasati\/\" \/>\n<meta property=\"og:site_name\" content=\"Stihia\" \/>\n<meta property=\"article:modified_time\" content=\"2025-01-15T13:39:00+00:00\" \/>\n<meta name=\"twitter:card\" content=\"summary_large_image\" \/>\n<meta name=\"twitter:label1\" content=\"Est. reading time\" \/>\n\t<meta name=\"twitter:data1\" content=\"4 minutes\" \/>\n<script type=\"application\/ld+json\" class=\"yoast-schema-graph\">{\"@context\":\"https:\/\/schema.org\",\"@graph\":[{\"@type\":\"WebPage\",\"@id\":\"https:\/\/stihia.org\/ka\/qupiyaliliq-siyasati\/\",\"url\":\"https:\/\/stihia.org\/ka\/qupiyaliliq-siyasati\/\",\"name\":\"QUP\u00cdYAL\u00cdL\u00cdQ SIYASAT\u00cd\u00a0 - Stihia\",\"isPartOf\":{\"@id\":\"https:\/\/stihia.org\/ru\/#website\"},\"datePublished\":\"2025-01-15T13:38:58+00:00\",\"dateModified\":\"2025-01-15T13:39:00+00:00\",\"breadcrumb\":{\"@id\":\"https:\/\/stihia.org\/ka\/qupiyaliliq-siyasati\/#breadcrumb\"},\"inLanguage\":\"qq-QQ\",\"potentialAction\":[{\"@type\":\"ReadAction\",\"target\":[\"https:\/\/stihia.org\/ka\/qupiyaliliq-siyasati\/\"]}]},{\"@type\":\"BreadcrumbList\",\"@id\":\"https:\/\/stihia.org\/ka\/qupiyaliliq-siyasati\/#breadcrumb\",\"itemListElement\":[{\"@type\":\"ListItem\",\"position\":1,\"name\":\"Home\",\"item\":\"https:\/\/stihia.org\/\"},{\"@type\":\"ListItem\",\"position\":2,\"name\":\"QUP\u00cdYAL\u00cdL\u00cdQ SIYASAT\u00cd\u00a0\"}]},{\"@type\":\"WebSite\",\"@id\":\"https:\/\/stihia.org\/ru\/#website\",\"url\":\"https:\/\/stihia.org\/ru\/\",\"name\":\"Stihia\",\"description\":\"Waiting in sands\u2026\",\"potentialAction\":[{\"@type\":\"SearchAction\",\"target\":{\"@type\":\"EntryPoint\",\"urlTemplate\":\"https:\/\/stihia.org\/ru\/?s={search_term_string}\"},\"query-input\":{\"@type\":\"PropertyValueSpecification\",\"valueRequired\":true,\"valueName\":\"search_term_string\"}}],\"inLanguage\":\"qq-QQ\"}]}<\/script>\n<!-- \/ Yoast SEO plugin. -->","yoast_head_json":{"title":"QUP\u00cdYAL\u00cdL\u00cdQ SIYASAT\u00cd\u00a0 - Stihia","robots":{"index":"index","follow":"follow","max-snippet":"max-snippet:-1","max-image-preview":"max-image-preview:large","max-video-preview":"max-video-preview:-1"},"canonical":"https:\/\/stihia.org\/ka\/qupiyaliliq-siyasati\/","og_locale":"en_US","og_type":"article","og_title":"QUP\u00cdYAL\u00cdL\u00cdQ SIYASAT\u00cd\u00a0 - Stihia","og_description":"Kirisiw \u201c\u041a\u043e\u043c\u043f\u0430\u043d\u0438\u044f \u041d\u0435\u043e\u043f\u0440\u0435\u0434\u0435\u043b\u0435\u043d\u043d\u044b\u0445 \u041f\u0440\u043e\u0435\u043a\u0442\u043e\u0432\u201d (\u201c\u041a\u041d\u041f\u201d) JShJ siz haqq\u0131nda ma\u01f5l\u0131wmatlard\u0131\u0144 qup\u0131yal\u0131l\u0131\u01f5\u0131n \u00f3z moyn\u0131na alad\u0131. Bul qup\u0131yal\u0131q siyasat\u0131n\u0131\u0144 maqseti biz siz haqq\u0131nda topla\u01f5an jeke [&hellip;]","og_url":"https:\/\/stihia.org\/ka\/qupiyaliliq-siyasati\/","og_site_name":"Stihia","article_modified_time":"2025-01-15T13:39:00+00:00","twitter_card":"summary_large_image","twitter_misc":{"Est. reading time":"4 minutes"},"schema":{"@context":"https:\/\/schema.org","@graph":[{"@type":"WebPage","@id":"https:\/\/stihia.org\/ka\/qupiyaliliq-siyasati\/","url":"https:\/\/stihia.org\/ka\/qupiyaliliq-siyasati\/","name":"QUP\u00cdYAL\u00cdL\u00cdQ SIYASAT\u00cd\u00a0 - Stihia","isPartOf":{"@id":"https:\/\/stihia.org\/ru\/#website"},"datePublished":"2025-01-15T13:38:58+00:00","dateModified":"2025-01-15T13:39:00+00:00","breadcrumb":{"@id":"https:\/\/stihia.org\/ka\/qupiyaliliq-siyasati\/#breadcrumb"},"inLanguage":"qq-QQ","potentialAction":[{"@type":"ReadAction","target":["https:\/\/stihia.org\/ka\/qupiyaliliq-siyasati\/"]}]},{"@type":"BreadcrumbList","@id":"https:\/\/stihia.org\/ka\/qupiyaliliq-siyasati\/#breadcrumb","itemListElement":[{"@type":"ListItem","position":1,"name":"Home","item":"https:\/\/stihia.org\/"},{"@type":"ListItem","position":2,"name":"QUP\u00cdYAL\u00cdL\u00cdQ SIYASAT\u00cd\u00a0"}]},{"@type":"WebSite","@id":"https:\/\/stihia.org\/ru\/#website","url":"https:\/\/stihia.org\/ru\/","name":"Stihia","description":"Waiting in sands\u2026","potentialAction":[{"@type":"SearchAction","target":{"@type":"EntryPoint","urlTemplate":"https:\/\/stihia.org\/ru\/?s={search_term_string}"},"query-input":{"@type":"PropertyValueSpecification","valueRequired":true,"valueName":"search_term_string"}}],"inLanguage":"qq-QQ"}]}},"_links":{"self":[{"href":"https:\/\/stihia.org\/ka\/wp-json\/wp\/v2\/pages\/8681","targetHints":{"allow":["GET"]}}],"collection":[{"href":"https:\/\/stihia.org\/ka\/wp-json\/wp\/v2\/pages"}],"about":[{"href":"https:\/\/stihia.org\/ka\/wp-json\/wp\/v2\/types\/page"}],"author":[{"embeddable":true,"href":"https:\/\/stihia.org\/ka\/wp-json\/wp\/v2\/users\/1"}],"replies":[{"embeddable":true,"href":"https:\/\/stihia.org\/ka\/wp-json\/wp\/v2\/comments?post=8681"}],"version-history":[{"count":1,"href":"https:\/\/stihia.org\/ka\/wp-json\/wp\/v2\/pages\/8681\/revisions"}],"predecessor-version":[{"id":8682,"href":"https:\/\/stihia.org\/ka\/wp-json\/wp\/v2\/pages\/8681\/revisions\/8682"}],"wp:attachment":[{"href":"https:\/\/stihia.org\/ka\/wp-json\/wp\/v2\/media?parent=8681"}],"curies":[{"name":"wp","href":"https:\/\/api.w.org\/{rel}","templated":true}]}}