{"id":8683,"date":"2025-01-15T13:39:25","date_gmt":"2025-01-15T13:39:25","guid":{"rendered":"https:\/\/stihia.org\/?page_id=8683"},"modified":"2025-03-27T08:21:47","modified_gmt":"2025-03-27T08:21:47","slug":"%c7%b5alabaliq-oferta","status":"publish","type":"page","link":"https:\/\/stihia.org\/ka\/%c7%b5alabaliq-oferta\/","title":{"rendered":"\u01f4ALABAL\u00cdQ OFERTA"},"content":{"rendered":"\n<p>\u00abNoaniq loyhalar kompanyasi\u00bb JShJ (\u201cBiz\u201d) Qaraqalpaqstan Respublikas\u0131 Moynaq qalas\u0131nda \u00f3tkeriletu\u01f5\u0131n \u201cStihia\u201d elektron muz\u0131ka h\u00e1m k\u00f3rkem-\u00f3ner festival\u0131n\u0131\u0144 iyesi h\u00e1m bas sh\u00f3lkemlestiriwshisi bol\u0131p esaplanad\u0131 (\u201cIlaj\u201d).<\/p>\n\n\n\n<p>Ilaj\u01f5a kiriw imkaniyat\u0131 h\u00e1m onda qatnas\u0131w\u0131\u0144\u0131z sh\u00e1rtleri us\u0131 \u01f5alabal\u0131q oferta sh\u00e1rtleri arqal\u0131 t\u00e1rtiplestiriledi. Ilaj\u01f5a bilet (\u201cBilet\u201d) sat\u0131p al\u0131w arqal\u0131 siz Ilajd\u0131 \u00f3tkeriwdi\u0144 us\u0131 sh\u00e1rtlerin qab\u0131l etken bolas\u0131z.<\/p>\n\n\n\n<ol class=\"wp-block-list\">\n<li>Ilaj\u01f5a kiriw ruxsat\u0131n al\u0131w ush\u0131n siz haq\u0131yq\u0131y Bilett\u0131 k\u00f3rsetiwi\u0144iz sh\u00e1rt.<\/li>\n\n\n\n<li>Bul sh\u00e1rtlerge qos\u0131msha t\u00farde, siz www.stihia.org sayt\u0131nda\u01f5\u0131 jiyi soralatu\u01f5\u0131n sorawlar b\u00f3limi qa\u01f5\u0131ydalar\u0131 menen tan\u0131s\u0131p sh\u0131\u01f5\u0131w\u0131\u0144\u0131z kerek (bar bolsa).<\/li>\n\n\n\n<li>Biletlerd\u0131 baspadan sh\u0131\u01f5ar\u0131p al\u0131w, yaki, eger elektron bilet bolsa, mobil telefon\u0131\u0144\u0131zdan k\u00f3rsetse\u0144iz bolad\u0131.<\/li>\n\n\n\n<li>Barl\u0131q biletler kirgen jerde tekseriledi h\u00e1m skanerlenedi. Ilaj \u00f3tkeriletu\u01f5\u0131n s\u00e1ne h\u00e1m waqt\u0131n biliw ush\u0131n Bileti\u0144\u0131zd\u0131 tekserip al\u0131w\u0131\u0144\u0131z kerek.<\/li>\n\n\n\n<li>Ilajda m\u00faddeti \u00f3tpegen shaxst\u0131 tast\u0131y\u0131qlawsh\u0131 h\u00fajjet (pasport, ID karta, aydawsh\u0131l\u0131q g\u00fawal\u0131\u01f5\u0131) k\u00f3rsetiliwi kerek. Biz m\u00faddeti \u00f3tken h\u00fajjetlerdi qab\u0131l ete almaym\u0131z. Eger siz haq\u0131yq\u0131y shaxst\u0131 tast\u0131y\u0131qlawsh\u0131 s\u00fawretli h\u00fajjetti us\u0131na almasa\u0144\u0131z, aqshalar\u0131\u0144\u0131z qaytar\u0131lma\u01f5an halda, kiriwi\u0144iz biykarlan\u0131w\u0131 m\u00famkin.<\/li>\n\n\n\n<li>Ilaj\u01f5a kirgende bilett\u0131 brasletke almast\u0131r\u0131w\u0131\u0144\u0131z kerek.<\/li>\n\n\n\n<li>Ilaj dawam\u0131nda brasletti ta\u01f5\u0131p j\u00fariwi\u0144iz sh\u00e1rt. Biz Ilaj waqt\u0131nda q\u00e1legen waq\u0131tta brasletlerdi tekseriw huq\u0131q\u0131n \u00f3zimizde saqlap qalam\u0131z. Zaq\u0131m kelgen brasletler jarams\u0131z dep tab\u0131l\u0131w\u0131 m\u00famkin.<\/li>\n\n\n\n<li>Ilajda qatnas\u0131w ush\u0131n keminde 18 jasqa tol\u01f5an bol\u0131w\u0131\u0144\u0131z kerek.<\/li>\n\n\n\n<li>Ilaj\u01f5a keliw ush\u0131n t\u00f3mendegi sheklewler qollan\u0131lad\u0131 h\u00e1m olard\u0131\u0144 q\u00e1legen birewini\u0144 buz\u0131l\u0131w\u0131 t\u00f3lemi\u0144iz qaytar\u0131lma\u01f5an halda Ilaj\u01f5a kiriwi\u0144izdi\u0144 biykarlan\u0131w\u0131na yamasa onnan sh\u0131\u01f5ar\u0131p jiberiliwi\u0144izge al\u0131p keliwi m\u00famkin:<\/li>\n<\/ol>\n\n\n\n<ul class=\"wp-block-list\">\n<li>alaman ishine sekiriw h\u00e1m agressivlik minez-qul\u0131qlar qada\u01f5an etiledi;<\/li>\n\n\n\n<li>n\u00e1shebentlik zatlar qada\u01f5an etiledi;<\/li>\n\n\n\n<li>\u00f3zi menen spirtli ishimlikler al\u0131p kiriw m\u00famkin emes;<\/li>\n\n\n\n<li>sh\u0131yshe \u0131d\u0131slar qada\u01f5an etiledi;<\/li>\n\n\n\n<li>feyerverkler, signall\u0131 raketalar, t\u00fatinli shashkalar, jar\u0131l\u0131wsh\u0131 zatlar, oq atar qurallar, p\u0131shaqlar, qanjarlar; yamasa qural yaki raketa retinde qollan\u0131l\u0131w\u0131 m\u00famkin bol\u01f5an, yaki bizi\u0144 pikirimizshe, ilaj \u00f3tkeriletu\u01f5\u0131n or\u0131n\u01f5a keliwshiler ush\u0131n q\u00e1wip yamasa qolays\u0131zl\u0131q tuwd\u0131r\u0131w\u0131 m\u00famkin bol\u01f5an q\u00e1legen basqa n\u00e1rse (bunday n\u00e1rse n\u0131zam\u01f5a qars\u0131 yamasa belgili bir maqsetlerde al\u0131p kirilip at\u0131r\u01f5an\u0131na qaramastan) qada\u01f5an etiledi;<\/li>\n\n\n\n<li>hesh qanday q\u00e1wenderlik, reklama yamasa marketing materiallar\u0131n al\u0131p kiriw m\u00famkin emes;<\/li>\n\n\n\n<li>ruxsats\u0131z professional foto s\u00fawretke yamasa video\u01f5a al\u0131w qada\u01f5an etiledi.<\/li>\n<\/ul>\n\n\n\n<ol class=\"wp-block-list\">\n<li>Biz q\u00e1legen t\u00fardegi qada\u01f5an etilgen n\u00e1rselerdi konfiskaciyalaw huq\u0131q\u0131n \u00f3zimizde saqlaym\u0131z. Qada\u01f5an etilgen buy\u0131m tab\u0131l\u01f5an shaxst\u0131\u0144 t\u00f3lemi qaytar\u0131lma\u01f5an halda Ilaj\u01f5a kiriwi biykarlanad\u0131. Bunday shaxs \u00d3zbekstan Respublikas\u0131 n\u0131zamsh\u0131l\u0131\u01f5\u0131na muwap\u0131q juwapkershilikke tart\u0131l\u0131w\u0131 m\u00famkin.<\/li>\n\n\n\n<li>Eger huq\u0131qbuz\u0131wsh\u0131l\u0131q yamasa j\u0131nayat \u00e1melge as\u0131r\u0131l\u01f5an dep esaplasaq, sizi\u0144 ma\u01f5l\u0131wmatlar\u0131\u0144\u0131zd\u0131 tiyisli organlar\u01f5a jiberiw huq\u0131q\u0131n \u00f3zimizde saqlaym\u0131z.<\/li>\n\n\n\n<li>Biz n\u00e1shebentlik zatlar\u01f5a qarata qata\u0144 t\u00e1rtip siyasat\u0131n j\u00fargizemiz. N\u0131zam\u01f5a qars\u0131 zatlar an\u0131qlan\u01f5an shaxsqa ruxsat berilmeydi, ol t\u00f3lemi qaytar\u0131lmay Ilajdan shetletiledi, sonday-aq, j\u0131nay\u0131y juwapkershilikke tart\u0131l\u0131w\u0131 da m\u00famkin.<\/li>\n\n\n\n<li>Ilajda ald\u0131n ala bizi\u0144 jazba raz\u0131l\u0131\u01f5\u0131m\u0131zd\u0131 almastan sawda yamasa basqa kommerciyal\u0131q iskerlik, son\u0131\u0144 ishinde, marketing, reklama yamasa flayposting \u00f3tkeriw qada\u01f5an etiledi.<\/li>\n\n\n\n<li>Sizge Ilajdan ald\u0131n hawa-ray\u0131 ma\u01f5l\u0131wmat\u0131 menen tan\u0131s\u0131wd\u0131 h\u00e1m k\u00fatilip at\u0131r\u01f5an sharayatlar\u01f5a say kiyim h\u00e1m ayaq kiyim tayarlawd\u0131 us\u0131n\u0131s etemiz. Hawa-ray\u0131n\u0131\u0144 qolays\u0131zl\u0131\u01f5\u0131 sebepli t\u00f3lem pullar\u0131 qaytar\u0131p berilmeydi.<\/li>\n\n\n\n<li>Biz hesh qanday ja\u01f5dayda jeke m\u00falki\u0144izdi\u0144 jo\u01f5al\u0131p ketiwi, z\u0131yanlan\u0131w\u0131 yamasa urlan\u0131w\u0131 ush\u0131n juwapker emespiz.<\/li>\n\n\n\n<li>Ilaj dawam\u0131nda video\u01f5a h\u00e1m foto\u01f5a t\u00fasiriw jum\u0131slar\u0131 al\u0131p bar\u0131lad\u0131, olar\u01f5a siz k\u00fatilmegende yamasa sanal\u0131 t\u00farde t\u00fasiwi\u0144iz m\u00famkin h\u00e1m olar (kommerciyal\u0131q yamasa basqa maqsetlerde) t\u00f3lemsiz tarqat\u0131l\u0131w\u0131 m\u00famkin. Ilajda qatnasqan\u0131\u0144\u0131zd\u0131\u0144 \u00f3zinde-aq bunday suwretlerge t\u00fasiwge raz\u0131l\u0131q bildirgen bol\u0131p esaplanas\u0131z.<\/li>\n\n\n\n<li>Ilajda arnawl\u0131 sociall\u0131q t\u00e1miynat h\u00e1m medicinal\u0131q xizmet k\u00f3rsetiw ayma\u01f5\u0131m\u0131z bolad\u0131. Eger qanday da bir sebepke bola siz yamasa basqa birew \u00f3zin biyja\u01f5day sezse, bul haqq\u0131nda tez volontyorlar\u01f5a yamasa sh\u00f3lkemlestiriwshilerge xabar beri\u0144.<\/li>\n\n\n\n<li>Ilaj qatnas\u0131wsh\u0131s\u0131 t\u00f3mendegi ja\u01f5daylarda Ilajdan shetletiliwi m\u00famkin (h\u00e1m bul haqq\u0131nda huq\u0131q qor\u01f5aw organlar\u0131na xabar beriledi), eger bizi\u0144 t\u0131yanaql\u0131 pikirimizshe, bul qatnas\u0131wsh\u0131:<\/li>\n<\/ol>\n\n\n\n<ul class=\"wp-block-list\">\n<li>q\u00e1legen bir keliwshini\u0144 q\u00e1wipsizligine q\u00e1wip tuwd\u0131rsa h\u00e1m\/yaki basqa keliwshiler\/ qatnas\u0131wsh\u0131lard\u0131\u0144 qolayl\u0131\u01f5\u0131na unams\u0131z t\u00e1sir k\u00f3rsetse. Bu\u01f5an alkogolli ishimlikten m\u00e1slik ja\u01f5day\u0131nda bol\u0131w (yamasa sonday k\u00f3rinis), h\u00e1reketine juwap bere almaw, k\u00fashli m\u00e1slik yamasa qada\u01f5an etilgen n\u00e1shebentlik zatlar t\u00e1siri ast\u0131nda bol\u0131w, kemsitiwshi minez-qul\u0131qlar, qorq\u0131t\u0131w, qural yamasa qada\u01f5an etilgen zatlard\u0131 al\u0131p j\u00fariw, tintiwden bas tart\u0131w, Ilaj sh\u00f3lkemlestiriwshilerini\u0144 sanal\u0131 k\u00f3rsetpelerin or\u0131nlamaw yamasa bul Sh\u00e1rtlerdi\u0144 q\u00e1legen birewin buz\u0131w s\u0131yaql\u0131 ja\u01f5daylar kiredi.<\/li>\n\n\n\n<li>j\u00e1miyetke qars\u0131 j\u00faris-tur\u0131slard\u0131 \u00e1melge as\u0131rsa. Bu\u01f5an h\u00e1dden t\u0131s jala\u0144ashl\u0131q, j\u00e1miyetlik or\u0131nlarda j\u0131n\u0131s\u0131y h\u00e1reketlerdi \u00e1melge as\u0131r\u0131w, psixoseksuall\u0131q subm\u00e1deniyatlard\u0131\u0144 atributlar\u0131 h\u00e1m kiyimlerinen h\u00e1dden t\u0131s paydalan\u0131w s\u0131yaql\u0131 m\u0131sallar kiredi.<\/li>\n\n\n\n<li>Eger bunday qatnas\u0131wsh\u0131 Ilajdan sh\u0131\u01f5ar\u0131p jiberilgen yamasa on\u0131\u0144 Ilaj\u01f5a kiriwi biykarlan\u01f5an bolsa, ol aqshalard\u0131 qaytar\u0131p al\u0131w huq\u0131q\u0131na iye emes h\u00e1m on\u0131\u0144 qanday us\u0131lda sat\u0131p al\u0131n\u01f5an\u0131 yamasa al\u0131n\u01f5an\u0131na qaramastan, basqa Bilet arqal\u0131 qayta kiriwine ruxsat berilmeydi. Bunnan t\u0131sqar\u0131, bunday shaxs bizi\u0144 qara dizimimizge kirgizilip, keyingi ilajlar\u01f5a qatnasa almayd\u0131.<\/li>\n<\/ul>\n\n\n\n<ol class=\"wp-block-list\">\n<li>Ilaj dawam\u0131nda siz b\u00e1lent daw\u0131sl\u0131 muz\u0131ka, t\u00fatin h\u00e1m\/yaki stroboskopikal\u0131q sh\u0131raqlar t\u00e1sirine d\u00fas keliwi\u0144iz m\u00famkin. B\u00e1lent daw\u0131sl\u0131 muz\u0131kan\u0131\u0144 uzaq waq\u0131t dawam\u0131nda t\u00e1sir etiwi esitiw q\u00e1biletin zaq\u0131mlaw\u0131 m\u00famkin ekenligin itibar\u01f5a al\u0131w\u0131\u0144\u0131zd\u0131 soraym\u0131z. Biz barl\u0131q qatnas\u0131wsh\u0131lar\u01f5a \u00f3zleri z\u00e1r\u00far dep esapla\u01f5an h\u00e1r qanday saql\u0131q ilajlar\u0131n k\u00f3riwdi qata\u0144 us\u0131n\u0131s etemiz.<\/li>\n\n\n\n<li>Bilett\u0131 sat\u0131p al\u0131w menen birge siz jeke ma\u01f5l\u0131wmatlar\u0131\u0144\u0131z \u00d3zbekstan Respublikas\u0131n\u0131\u0144 ma\u01f5l\u0131wmatlard\u0131 qor\u01f5aw haqq\u0131nda\u01f5\u0131 n\u0131zamsh\u0131l\u0131\u01f5\u0131na, sonday-aq, <a href=\"http:\/\/www.stihia.org\/\">www.stihia.org<\/a>&nbsp;sayt\u0131nda\u01f5\u0131 Qup\u0131yal\u0131l\u0131q siyasat\u0131m\u0131z\u01f5a muwap\u0131q toplan\u0131w\u0131 h\u00e1m saqlan\u0131w\u0131na kelisim bergen bol\u0131p esaplanas\u0131z.<\/li>\n\n\n\n<li>Ilaj\u01f5a \u00f3zi\u0144iz t\u00e1wekel etip, q\u00e1wiplerdi esapqa al\u0131p, qatnasas\u0131z. Biz h\u00e1m bizi\u0144 sheriklerimiz ilaj dawam\u0131nda keltirilgen h\u00e1r qanday z\u0131yan, jaraqat yamasa zaq\u0131m, atap aytqanda, buy\u0131m-m\u00falikke z\u0131yan keltiriliwi, olard\u0131\u0144 urlan\u0131w\u0131 yamasa jo\u01f5al\u0131p ketiwi ush\u0131n juwapkershilikti moyn\u0131na almayd\u0131.<\/li>\n\n\n\n<li>Biz waqt\u0131-waqt\u0131 menen bul Sh\u00e1rtlerdi qayta k\u00f3rip sh\u0131\u01f5\u0131w, \u00f3zgertiw h\u00e1m Ilajd\u0131\u0144 veb-sayt\u0131nda on\u0131\u0144 ja\u0144a versiyas\u0131n j\u00e1riyalaw huq\u0131q\u0131na iyemiz. Veb-sayttan paydalan\u0131wd\u0131 dawam etip yamasa Ilaj\u01f5a kelip, siz Ilajlard\u0131 \u00f3tkeriwdi\u0144 \u00f3zgeris kirgizilgen sh\u00e1rtlerine raz\u0131l\u0131q bildiresiz.<\/li>\n\n\n\n<li>Bul Sh\u00e1rtler \u00d3zbekstan Respublikas\u0131 n\u0131zamsh\u0131l\u0131\u01f5\u0131 menen t\u00e1rtiplestiriledi h\u00e1m olar menen baylan\u0131sl\u0131 barl\u0131q dawlar tek \u00d3zbekstan Respublikas\u0131 sud\u0131 t\u00e1repinen k\u00f3rip sh\u0131\u01f5\u0131l\u0131w\u0131 kerek.<\/li>\n<\/ol>\n\n\n\n<p>\u201cThe Unidentified Projects Company\u201d JShJ&nbsp;<\/p>\n\n\n\n<p>M\u00e1nzili: Qaraqalpaqstan Respublikas\u0131, Moynaq rayon\u0131, \u201cDosl\u0131q\u201d M\u00e1kan puqaralar j\u0131y\u0131n\u0131, Berdaq k\u00f3shesi, 276-\u00fay<\/p>\n\n\n\n<p>E\/b (swmda): 2020 8000 0055 0598 9002<br>E\/b (valyutada): 2020 8840 2055 0598 9002<br>\u201cKapitalbank\u201d AKB Tashkent qalas\u0131 Bas Ofisinde<br>MFO: 00974<br>STIR: 309349135<\/p>\n\n\n\n<p>T\u00d3LEM SISTEMALAR\u00cd:<\/p>\n","protected":false},"excerpt":{"rendered":"<p>\u00abNoaniq loyhalar kompanyasi\u00bb JShJ (\u201cBiz\u201d) Qaraqalpaqstan Respublikas\u0131 Moynaq qalas\u0131nda \u00f3tkeriletu\u01f5\u0131n \u201cStihia\u201d elektron muz\u0131ka h\u00e1m k\u00f3rkem-\u00f3ner festival\u0131n\u0131\u0144 iyesi h\u00e1m bas sh\u00f3lkemlestiriwshisi bol\u0131p esaplanad\u0131 [&hellip;]<\/p>\n","protected":false},"author":1,"featured_media":0,"parent":0,"menu_order":0,"comment_status":"closed","ping_status":"closed","template":"page-text-template.php","meta":{"footnotes":""},"class_list":["post-8683","page","type-page","status-publish","hentry"],"yoast_head":"<!-- This site is optimized with the Yoast SEO plugin v24.5 - https:\/\/yoast.com\/wordpress\/plugins\/seo\/ -->\n<title>\u01f4ALABAL\u00cdQ OFERTA - Stihia<\/title>\n<meta name=\"robots\" content=\"index, follow, max-snippet:-1, max-image-preview:large, max-video-preview:-1\" \/>\n<link rel=\"canonical\" href=\"https:\/\/stihia.org\/ka\/\u01f5alabaliq-oferta\/\" \/>\n<meta property=\"og:locale\" content=\"en_US\" \/>\n<meta property=\"og:type\" content=\"article\" \/>\n<meta property=\"og:title\" content=\"\u01f4ALABAL\u00cdQ OFERTA - Stihia\" \/>\n<meta property=\"og:description\" content=\"\u00abNoaniq loyhalar kompanyasi\u00bb JShJ (\u201cBiz\u201d) Qaraqalpaqstan Respublikas\u0131 Moynaq qalas\u0131nda \u00f3tkeriletu\u01f5\u0131n \u201cStihia\u201d elektron muz\u0131ka h\u00e1m k\u00f3rkem-\u00f3ner festival\u0131n\u0131\u0144 iyesi h\u00e1m bas sh\u00f3lkemlestiriwshisi bol\u0131p esaplanad\u0131 [&hellip;]\" \/>\n<meta property=\"og:url\" content=\"https:\/\/stihia.org\/ka\/\u01f5alabaliq-oferta\/\" \/>\n<meta property=\"og:site_name\" content=\"Stihia\" \/>\n<meta property=\"article:modified_time\" content=\"2025-03-27T08:21:47+00:00\" \/>\n<meta name=\"twitter:card\" content=\"summary_large_image\" \/>\n<script type=\"application\/ld+json\" class=\"yoast-schema-graph\">{\"@context\":\"https:\/\/schema.org\",\"@graph\":[{\"@type\":\"WebPage\",\"@id\":\"https:\/\/stihia.org\/ka\/%c7%b5alabaliq-oferta\/\",\"url\":\"https:\/\/stihia.org\/ka\/%c7%b5alabaliq-oferta\/\",\"name\":\"\u01f4ALABAL\u00cdQ OFERTA - Stihia\",\"isPartOf\":{\"@id\":\"https:\/\/stihia.org\/ru\/#website\"},\"datePublished\":\"2025-01-15T13:39:25+00:00\",\"dateModified\":\"2025-03-27T08:21:47+00:00\",\"breadcrumb\":{\"@id\":\"https:\/\/stihia.org\/ka\/%c7%b5alabaliq-oferta\/#breadcrumb\"},\"inLanguage\":\"qq-QQ\",\"potentialAction\":[{\"@type\":\"ReadAction\",\"target\":[\"https:\/\/stihia.org\/ka\/%c7%b5alabaliq-oferta\/\"]}]},{\"@type\":\"BreadcrumbList\",\"@id\":\"https:\/\/stihia.org\/ka\/%c7%b5alabaliq-oferta\/#breadcrumb\",\"itemListElement\":[{\"@type\":\"ListItem\",\"position\":1,\"name\":\"Home\",\"item\":\"https:\/\/stihia.org\/\"},{\"@type\":\"ListItem\",\"position\":2,\"name\":\"\u01f4ALABAL\u00cdQ OFERTA\"}]},{\"@type\":\"WebSite\",\"@id\":\"https:\/\/stihia.org\/ru\/#website\",\"url\":\"https:\/\/stihia.org\/ru\/\",\"name\":\"Stihia\",\"description\":\"Waiting in sands\u2026\",\"potentialAction\":[{\"@type\":\"SearchAction\",\"target\":{\"@type\":\"EntryPoint\",\"urlTemplate\":\"https:\/\/stihia.org\/ru\/?s={search_term_string}\"},\"query-input\":{\"@type\":\"PropertyValueSpecification\",\"valueRequired\":true,\"valueName\":\"search_term_string\"}}],\"inLanguage\":\"qq-QQ\"}]}<\/script>\n<!-- \/ Yoast SEO plugin. -->","yoast_head_json":{"title":"\u01f4ALABAL\u00cdQ OFERTA - Stihia","robots":{"index":"index","follow":"follow","max-snippet":"max-snippet:-1","max-image-preview":"max-image-preview:large","max-video-preview":"max-video-preview:-1"},"canonical":"https:\/\/stihia.org\/ka\/\u01f5alabaliq-oferta\/","og_locale":"en_US","og_type":"article","og_title":"\u01f4ALABAL\u00cdQ OFERTA - Stihia","og_description":"\u00abNoaniq loyhalar kompanyasi\u00bb JShJ (\u201cBiz\u201d) Qaraqalpaqstan Respublikas\u0131 Moynaq qalas\u0131nda \u00f3tkeriletu\u01f5\u0131n \u201cStihia\u201d elektron muz\u0131ka h\u00e1m k\u00f3rkem-\u00f3ner festival\u0131n\u0131\u0144 iyesi h\u00e1m bas sh\u00f3lkemlestiriwshisi bol\u0131p esaplanad\u0131 [&hellip;]","og_url":"https:\/\/stihia.org\/ka\/\u01f5alabaliq-oferta\/","og_site_name":"Stihia","article_modified_time":"2025-03-27T08:21:47+00:00","twitter_card":"summary_large_image","schema":{"@context":"https:\/\/schema.org","@graph":[{"@type":"WebPage","@id":"https:\/\/stihia.org\/ka\/%c7%b5alabaliq-oferta\/","url":"https:\/\/stihia.org\/ka\/%c7%b5alabaliq-oferta\/","name":"\u01f4ALABAL\u00cdQ OFERTA - Stihia","isPartOf":{"@id":"https:\/\/stihia.org\/ru\/#website"},"datePublished":"2025-01-15T13:39:25+00:00","dateModified":"2025-03-27T08:21:47+00:00","breadcrumb":{"@id":"https:\/\/stihia.org\/ka\/%c7%b5alabaliq-oferta\/#breadcrumb"},"inLanguage":"qq-QQ","potentialAction":[{"@type":"ReadAction","target":["https:\/\/stihia.org\/ka\/%c7%b5alabaliq-oferta\/"]}]},{"@type":"BreadcrumbList","@id":"https:\/\/stihia.org\/ka\/%c7%b5alabaliq-oferta\/#breadcrumb","itemListElement":[{"@type":"ListItem","position":1,"name":"Home","item":"https:\/\/stihia.org\/"},{"@type":"ListItem","position":2,"name":"\u01f4ALABAL\u00cdQ OFERTA"}]},{"@type":"WebSite","@id":"https:\/\/stihia.org\/ru\/#website","url":"https:\/\/stihia.org\/ru\/","name":"Stihia","description":"Waiting in sands\u2026","potentialAction":[{"@type":"SearchAction","target":{"@type":"EntryPoint","urlTemplate":"https:\/\/stihia.org\/ru\/?s={search_term_string}"},"query-input":{"@type":"PropertyValueSpecification","valueRequired":true,"valueName":"search_term_string"}}],"inLanguage":"qq-QQ"}]}},"_links":{"self":[{"href":"https:\/\/stihia.org\/ka\/wp-json\/wp\/v2\/pages\/8683","targetHints":{"allow":["GET"]}}],"collection":[{"href":"https:\/\/stihia.org\/ka\/wp-json\/wp\/v2\/pages"}],"about":[{"href":"https:\/\/stihia.org\/ka\/wp-json\/wp\/v2\/types\/page"}],"author":[{"embeddable":true,"href":"https:\/\/stihia.org\/ka\/wp-json\/wp\/v2\/users\/1"}],"replies":[{"embeddable":true,"href":"https:\/\/stihia.org\/ka\/wp-json\/wp\/v2\/comments?post=8683"}],"version-history":[{"count":3,"href":"https:\/\/stihia.org\/ka\/wp-json\/wp\/v2\/pages\/8683\/revisions"}],"predecessor-version":[{"id":10102,"href":"https:\/\/stihia.org\/ka\/wp-json\/wp\/v2\/pages\/8683\/revisions\/10102"}],"wp:attachment":[{"href":"https:\/\/stihia.org\/ka\/wp-json\/wp\/v2\/media?parent=8683"}],"curies":[{"name":"wp","href":"https:\/\/api.w.org\/{rel}","templated":true}]}}