{"id":9112,"date":"2025-01-29T19:00:43","date_gmt":"2025-01-29T19:00:43","guid":{"rendered":"https:\/\/stihia.org\/buy-tickets\/"},"modified":"2025-02-03T17:02:52","modified_gmt":"2025-02-03T17:02:52","slug":"buy-tickets","status":"publish","type":"page","link":"https:\/\/stihia.org\/ka\/buy-tickets\/","title":{"rendered":"BILET SAT\u00cdP AL\u00cdW"},"content":{"rendered":"\n<div class=\"add-to-cart\">\n\t<div>\n\t\t<a href=\"https:\/\/stihia.org\/cart\/?add-to-cart=1000\" class=\"ticket-btn\">\n\t\t\t<h4>\n\t\t\t\tTicket\t\t\t<\/h4>\n\t\t\t\t\t\t\t<p><p class=\"p1\">Standart baha<\/p><\/p>\n\t\t\t\t\t<\/a>\n\t\t\n\t<\/div>\n<!--\t<div>-->\n<!--\t\t<a href=\"--><!--\" class=\"ticket-btn\">-->\n<!--\t\t\t<h4>-->\n<!--\t\t\t\t--><!--\t\t\t<\/h4>-->\n<!--\t\t\t--><!--\t\t\t\t<p>--><!--<\/p>-->\n<!--\t\t\t--><!--\t\t<\/a>-->\n<!--\t<\/div>-->\n\t<div>\n\t\t<a href=\"https:\/\/stihia.org\/cart\/?add-to-cart=8805&quantity=3\" class=\"ticket-btn\">\n\t\t\t<h4>\n\t\t\t\tJ\u00e1m\u00e1\u00e1tlik bilet\t\t\t<\/h4>\n\t\t\t\t\t\t\t<p><p class=\"p1\">3 biletten baslap 5% shegirme<\/p><\/p>\n\t\t\t\t\t<\/a>\n\t<\/div>\n<\/div>\n","protected":false},"excerpt":{"rendered":"","protected":false},"author":1,"featured_media":0,"parent":0,"menu_order":0,"comment_status":"closed","ping_status":"closed","template":"","meta":{"footnotes":""},"class_list":["post-9112","page","type-page","status-publish","hentry"],"yoast_head":"<!-- This site is optimized with the Yoast SEO plugin v24.5 - https:\/\/yoast.com\/wordpress\/plugins\/seo\/ -->\n<title>BILET SAT\u00cdP AL\u00cdW - Stihia<\/title>\n<meta name=\"robots\" content=\"index, follow, max-snippet:-1, max-image-preview:large, max-video-preview:-1\" \/>\n<link rel=\"canonical\" href=\"https:\/\/stihia.org\/ka\/buy-tickets\/\" \/>\n<meta property=\"og:locale\" content=\"en_US\" \/>\n<meta property=\"og:type\" content=\"article\" \/>\n<meta property=\"og:title\" content=\"BILET SAT\u00cdP AL\u00cdW - Stihia\" \/>\n<meta property=\"og:url\" content=\"https:\/\/stihia.org\/ka\/buy-tickets\/\" \/>\n<meta property=\"og:site_name\" content=\"Stihia\" \/>\n<meta property=\"article:modified_time\" content=\"2025-02-03T17:02:52+00:00\" \/>\n<meta name=\"twitter:card\" content=\"summary_large_image\" \/>\n<script type=\"application\/ld+json\" class=\"yoast-schema-graph\">{\"@context\":\"https:\/\/schema.org\",\"@graph\":[{\"@type\":\"WebPage\",\"@id\":\"https:\/\/stihia.org\/ka\/buy-tickets\/\",\"url\":\"https:\/\/stihia.org\/ka\/buy-tickets\/\",\"name\":\"BILET SAT\u00cdP AL\u00cdW - Stihia\",\"isPartOf\":{\"@id\":\"https:\/\/stihia.org\/ru\/#website\"},\"datePublished\":\"2025-01-29T19:00:43+00:00\",\"dateModified\":\"2025-02-03T17:02:52+00:00\",\"breadcrumb\":{\"@id\":\"https:\/\/stihia.org\/ka\/buy-tickets\/#breadcrumb\"},\"inLanguage\":\"qq-QQ\",\"potentialAction\":[{\"@type\":\"ReadAction\",\"target\":[\"https:\/\/stihia.org\/ka\/buy-tickets\/\"]}]},{\"@type\":\"BreadcrumbList\",\"@id\":\"https:\/\/stihia.org\/ka\/buy-tickets\/#breadcrumb\",\"itemListElement\":[{\"@type\":\"ListItem\",\"position\":1,\"name\":\"Home\",\"item\":\"https:\/\/stihia.org\/\"},{\"@type\":\"ListItem\",\"position\":2,\"name\":\"BILET SAT\u00cdP AL\u00cdW\"}]},{\"@type\":\"WebSite\",\"@id\":\"https:\/\/stihia.org\/ru\/#website\",\"url\":\"https:\/\/stihia.org\/ru\/\",\"name\":\"Stihia\",\"description\":\"Waiting in sands\u2026\",\"potentialAction\":[{\"@type\":\"SearchAction\",\"target\":{\"@type\":\"EntryPoint\",\"urlTemplate\":\"https:\/\/stihia.org\/ru\/?s={search_term_string}\"},\"query-input\":{\"@type\":\"PropertyValueSpecification\",\"valueRequired\":true,\"valueName\":\"search_term_string\"}}],\"inLanguage\":\"qq-QQ\"}]}<\/script>\n<!-- \/ Yoast SEO plugin. -->","yoast_head_json":{"title":"BILET SAT\u00cdP AL\u00cdW - Stihia","robots":{"index":"index","follow":"follow","max-snippet":"max-snippet:-1","max-image-preview":"max-image-preview:large","max-video-preview":"max-video-preview:-1"},"canonical":"https:\/\/stihia.org\/ka\/buy-tickets\/","og_locale":"en_US","og_type":"article","og_title":"BILET SAT\u00cdP AL\u00cdW - Stihia","og_url":"https:\/\/stihia.org\/ka\/buy-tickets\/","og_site_name":"Stihia","article_modified_time":"2025-02-03T17:02:52+00:00","twitter_card":"summary_large_image","schema":{"@context":"https:\/\/schema.org","@graph":[{"@type":"WebPage","@id":"https:\/\/stihia.org\/ka\/buy-tickets\/","url":"https:\/\/stihia.org\/ka\/buy-tickets\/","name":"BILET SAT\u00cdP AL\u00cdW - Stihia","isPartOf":{"@id":"https:\/\/stihia.org\/ru\/#website"},"datePublished":"2025-01-29T19:00:43+00:00","dateModified":"2025-02-03T17:02:52+00:00","breadcrumb":{"@id":"https:\/\/stihia.org\/ka\/buy-tickets\/#breadcrumb"},"inLanguage":"qq-QQ","potentialAction":[{"@type":"ReadAction","target":["https:\/\/stihia.org\/ka\/buy-tickets\/"]}]},{"@type":"BreadcrumbList","@id":"https:\/\/stihia.org\/ka\/buy-tickets\/#breadcrumb","itemListElement":[{"@type":"ListItem","position":1,"name":"Home","item":"https:\/\/stihia.org\/"},{"@type":"ListItem","position":2,"name":"BILET SAT\u00cdP AL\u00cdW"}]},{"@type":"WebSite","@id":"https:\/\/stihia.org\/ru\/#website","url":"https:\/\/stihia.org\/ru\/","name":"Stihia","description":"Waiting in sands\u2026","potentialAction":[{"@type":"SearchAction","target":{"@type":"EntryPoint","urlTemplate":"https:\/\/stihia.org\/ru\/?s={search_term_string}"},"query-input":{"@type":"PropertyValueSpecification","valueRequired":true,"valueName":"search_term_string"}}],"inLanguage":"qq-QQ"}]}},"_links":{"self":[{"href":"https:\/\/stihia.org\/ka\/wp-json\/wp\/v2\/pages\/9112","targetHints":{"allow":["GET"]}}],"collection":[{"href":"https:\/\/stihia.org\/ka\/wp-json\/wp\/v2\/pages"}],"about":[{"href":"https:\/\/stihia.org\/ka\/wp-json\/wp\/v2\/types\/page"}],"author":[{"embeddable":true,"href":"https:\/\/stihia.org\/ka\/wp-json\/wp\/v2\/users\/1"}],"replies":[{"embeddable":true,"href":"https:\/\/stihia.org\/ka\/wp-json\/wp\/v2\/comments?post=9112"}],"version-history":[{"count":2,"href":"https:\/\/stihia.org\/ka\/wp-json\/wp\/v2\/pages\/9112\/revisions"}],"predecessor-version":[{"id":9119,"href":"https:\/\/stihia.org\/ka\/wp-json\/wp\/v2\/pages\/9112\/revisions\/9119"}],"wp:attachment":[{"href":"https:\/\/stihia.org\/ka\/wp-json\/wp\/v2\/media?parent=9112"}],"curies":[{"name":"wp","href":"https:\/\/api.w.org\/{rel}","templated":true}]}}