{"id":9462,"date":"2025-02-07T08:15:58","date_gmt":"2025-02-07T08:15:58","guid":{"rendered":"https:\/\/stihia.org\/open-call\/"},"modified":"2025-02-07T08:15:58","modified_gmt":"2025-02-07T08:15:58","slug":"open-call","status":"publish","type":"page","link":"https:\/\/stihia.org\/ka\/open-call\/","title":{"rendered":"Open call"},"content":{"rendered":"\n<div class=\"artist-slider\">\n    \t\t\t<div class=\"artist-slide\"\n\t\t\t\t data-title=\"ART\">\n\t\t\t\t<div class=\"artist-slide-wrap\">\n\t\t\t\t\t<div class=\"artist-image\">\n                        <img loading=\"lazy\" decoding=\"async\" width=\"1024\" height=\"1280\" src=\"https:\/\/stihia.org\/wp-content\/uploads\/2025\/02\/art.jpeg\" class=\"attachment-full size-full wp-post-image\" alt=\"\" srcset=\"https:\/\/stihia.org\/wp-content\/uploads\/2025\/02\/art.jpeg 1024w, https:\/\/stihia.org\/wp-content\/uploads\/2025\/02\/art-240x300.jpeg 240w, https:\/\/stihia.org\/wp-content\/uploads\/2025\/02\/art-819x1024.jpeg 819w, https:\/\/stihia.org\/wp-content\/uploads\/2025\/02\/art-768x960.jpeg 768w, https:\/\/stihia.org\/wp-content\/uploads\/2025\/02\/art-800x1000.jpeg 800w\" sizes=\"auto, (max-width: 1024px) 100vw, 1024px\" \/>\t\t\t\t\t<\/div>\n\t\t\t\t\t<div class=\"artist-content\">\n\t\t\t\t\t\t<div class=\"artist-title-wrap\">\n\t\t\t\t\t\t\t<div class=\"artist-title\">ART<\/div>\n\t\t\t\t\t\t\t<div class=\"arrows\">\n\t\t\t\t\t\t\t\t<span class=\"prev-arrow\">\n\t\t\t\t\t\t\t\t\t<svg width=\"19\" height=\"32\" viewBox=\"0 0 19 32\" fill=\"none\"\n\t\t\t\t\t\t\t\t\t\t xmlns=\"http:\/\/www.w3.org\/2000\/svg\">\n\t\t\t\t\t\t\t\t\t\t<path d=\"M18 32L2 16L18 -9.53674e-07\" stroke=\"white\" stroke-width=\"2\"\/>\n\t\t\t\t\t\t\t\t\t<\/svg>\n\t\t\t\t\t\t\t\t<\/span>\n\t\t\t\t\t\t\t\t<span class=\"next-arrow\">\n\t\t\t\t\t\t\t\t\t<svg width=\"19\" height=\"32\" viewBox=\"0 0 19 32\" fill=\"none\"\n\t\t\t\t\t\t\t\t\t\t xmlns=\"http:\/\/www.w3.org\/2000\/svg\">\n\t\t\t\t\t\t\t\t\t\t<path d=\"M1 0L17 16L1 32\" stroke=\"white\" stroke-width=\"2\"\/>\n\t\t\t\t\t\t\t\t\t<\/svg>\n\t\t\t\t\t\t\t\t<\/span>\n\t\t\t\t\t\t\t<\/div>\n\t\t\t\t\t\t<\/div>\n\t\t\t\t\t\t<div class=\"artist-info\">\n                            <p class=\"p1\">Basl\u0131 ideya: \u00abStihia \u2014 bul siz\u00bb<\/p>\r\n<p class=\"p1\">\u00abStihia\u00bb festival\u0131 \u2014 bul tiri organizm bol\u0131p, h\u00e1r bir adam on\u0131\u0144 bir b\u00f3legi bolad\u0131. Samal, qum, quyash, muz\u0131ka, k\u00f3rkem-\u00f3ner \u2014 d\u00f3retiwshi, tamashag\u00f3y h\u00e1m t\u00e1biyat aras\u0131nda shegara joq.<\/p>\r\n<p class=\"p1\">Installyaciyalar ush\u0131n konceptual ba\u01f5darlar:<\/p>\r\n<p class=\"p1\">&#8211; Stixiya\u01f5a si\u0144isiw, sh\u00f3listand\u0131 oy eleginen qayta \u00f3tkeriw.<\/p>\r\n<p class=\"p1\">Obyekt t\u00e1biyiy elementler (samal, qum, jaqt\u0131l\u0131q, h\u00e1reket) menen baylan\u0131sqan qorsha\u01f5an ortal\u0131qt\u0131\u0144 bir b\u00f3legi retinde seziliwi tiyis.<\/p>\r\n<p class=\"p1\">Bir pay\u0131tlar\u0131 bul jerde te\u0144iz bar edi, al, b\u00fagin ol biz arqal\u0131 tirishiligin dawam etpekte. Installyaciya pishini, d\u00fazilisi, material\u0131 arqal\u0131 halatlard\u0131\u0144 \u00f3tiwin, suw, hawa h\u00e1m jerdi\u0144 \u00f3z-ara t\u00e1sirin k\u00f3rsetiw \u00e1hmiyetke iye.<\/p>\r\n<p class=\"p1\">&#8211; \u00d3z-ara t\u00e1sir energiyas\u0131. Insan oray retinde.<\/p>\r\n<p class=\"p1\">Installyaciya adamn\u0131\u0144 bar ekenligin ayna, s\u00e1wle, h\u00e1reket, jaqt\u0131l\u0131q, daw\u0131s yamasa uslap k\u00f3riw sezimi arqal\u0131 s\u00e1wlelendiriwi m\u00famkin.<\/p>\r\n<p class=\"p1\">Tamashag\u00f3y obyektke tek qarap \u01f5ana qoymastan, on\u0131\u0144 bir b\u00f3legine aylanad\u0131 \u2014 aras\u0131nan \u00f3tip k\u00f3redi, iz qald\u0131rad\u0131, \u00f3zini\u0144 bar ekenliginen strukturan\u0131\u0144 \u00f3zgeriwin k\u00f3redi. Interaktivlik \u00falken \u00e1hmiyetke iye.<\/p>\r\n<p class=\"p1\">&#8211; \u00abEspe qumda\u01f5\u0131 sa\u01f5\u0131m\u00bb<\/p>\r\n<p class=\"p1\">Barl\u0131q installyacialar Kemeler qoy\u0131msh\u0131l\u0131\u01f5\u0131 jan\u0131nda\u01f5\u0131 quml\u0131 landshaftta ornat\u0131lad\u0131. Sonl\u0131qtan, d\u00f3retpeler samal h\u00e1m \u0131ql\u0131m sharayatlar\u0131na t\u00f3zimli bol\u0131w\u0131, qorsha\u01f5an ortal\u0131qqa beyimlestiriliwi; b\u00faldirip ketilmeyt\u00fa\u01f5\u0131nday bol\u0131w\u0131 tiyis.<\/p>\r\n<p class=\"p1\">arza taps\u0131r\u0131wd\u0131\u0144 so\u0144\u01f5\u0131 m\u00faddeti: 28-fevral<\/p>\r\n<p class=\"p1\">Arzan\u0131 m\u0131na siltemedegi forman\u0131 tolt\u0131r\u0131w arqal\u0131 taps\u0131rsa\u0144\u0131z bolad\u0131: <a href=\"https:\/\/forms.gle\/Ex9T7cS4hWpwF1jaA\"><span class=\"s1\">https:\/\/forms.gle\/Ex9T7cS4hWpwF1jaA<\/span><\/a><\/p>\t\t\t\t\t\t\t<br>\n\t\t\t\t\t\t\t\t\t\t\t\t\t<\/div>\n\t\t\t\t\t<\/div>\n\t\t\t\t<\/div>\n\t\t\t<\/div>\n        \t\t\t<div class=\"artist-slide\"\n\t\t\t\t data-title=\"Forum Stihia N+1\">\n\t\t\t\t<div class=\"artist-slide-wrap\">\n\t\t\t\t\t<div class=\"artist-image\">\n                        <img loading=\"lazy\" decoding=\"async\" width=\"1024\" height=\"1280\" src=\"https:\/\/stihia.org\/wp-content\/uploads\/2025\/02\/photo_2025-02-20-15.53.43.jpeg\" class=\"attachment-full size-full wp-post-image\" alt=\"\" srcset=\"https:\/\/stihia.org\/wp-content\/uploads\/2025\/02\/photo_2025-02-20-15.53.43.jpeg 1024w, https:\/\/stihia.org\/wp-content\/uploads\/2025\/02\/photo_2025-02-20-15.53.43-240x300.jpeg 240w, https:\/\/stihia.org\/wp-content\/uploads\/2025\/02\/photo_2025-02-20-15.53.43-819x1024.jpeg 819w, https:\/\/stihia.org\/wp-content\/uploads\/2025\/02\/photo_2025-02-20-15.53.43-768x960.jpeg 768w, https:\/\/stihia.org\/wp-content\/uploads\/2025\/02\/photo_2025-02-20-15.53.43-800x1000.jpeg 800w\" sizes=\"auto, (max-width: 1024px) 100vw, 1024px\" \/>\t\t\t\t\t<\/div>\n\t\t\t\t\t<div class=\"artist-content\">\n\t\t\t\t\t\t<div class=\"artist-title-wrap\">\n\t\t\t\t\t\t\t<div class=\"artist-title\">Forum Stihia N+1<\/div>\n\t\t\t\t\t\t\t<div class=\"arrows\">\n\t\t\t\t\t\t\t\t<span class=\"prev-arrow\">\n\t\t\t\t\t\t\t\t\t<svg width=\"19\" height=\"32\" viewBox=\"0 0 19 32\" fill=\"none\"\n\t\t\t\t\t\t\t\t\t\t xmlns=\"http:\/\/www.w3.org\/2000\/svg\">\n\t\t\t\t\t\t\t\t\t\t<path d=\"M18 32L2 16L18 -9.53674e-07\" stroke=\"white\" stroke-width=\"2\"\/>\n\t\t\t\t\t\t\t\t\t<\/svg>\n\t\t\t\t\t\t\t\t<\/span>\n\t\t\t\t\t\t\t\t<span class=\"next-arrow\">\n\t\t\t\t\t\t\t\t\t<svg width=\"19\" height=\"32\" viewBox=\"0 0 19 32\" fill=\"none\"\n\t\t\t\t\t\t\t\t\t\t xmlns=\"http:\/\/www.w3.org\/2000\/svg\">\n\t\t\t\t\t\t\t\t\t\t<path d=\"M1 0L17 16L1 32\" stroke=\"white\" stroke-width=\"2\"\/>\n\t\t\t\t\t\t\t\t\t<\/svg>\n\t\t\t\t\t\t\t\t<\/span>\n\t\t\t\t\t\t\t<\/div>\n\t\t\t\t\t\t<\/div>\n\t\t\t\t\t\t<div class=\"artist-info\">\n                            <p class=\"p1\">2025 j\u0131l\u01f5\u0131 forum haq\u0131yq\u0131y, ilham ba\u01f5\u0131shlawsh\u0131 h\u00e1m ta\u0144 qalarl\u0131 <b>waq\u0131yalar\u01f5a<\/b> ba\u01f5\u0131shlanad\u0131. biz \u00f3z t\u00e1jiriybelerin b\u00f3lisip, Qaraqalpaqstan turm\u0131s\u0131, iskerligi, m\u00e1deniyat\u0131, joybarlar\u0131, waq\u0131yalar\u0131 haqq\u0131nda ayt\u0131p beriwge, sonday-aq, aymaq xalq\u0131 ush\u0131n q\u0131z\u0131ql\u0131 bol\u0131w\u0131 m\u00famkin bol\u01f5an temalard\u0131 us\u0131n\u0131w\u01f5a tay\u0131n adamlard\u0131 izlemektemiz. Stihia N+1 forum\u0131 \u2013 bul waq\u0131yalar menen almas\u0131w platformas\u0131:<\/p>\n<p class=\"p1\">&#8211; <b>jergilikli xal\u0131q<\/b> festival miymanlar\u0131 menen Qaraqalpaqstan turm\u0131s\u0131, m\u00e1deniyat\u0131 h\u00e1m tariyx\u0131 haqq\u0131nda g\u00farri\u0144leri menen b\u00f3lisedi<\/p>\n<p class=\"p1\">&#8211; \u00d3zbekstan h\u00e1m basqa m\u00e1mleketlerden kelgen <b>festival miymanlar\u0131<\/b> \u00f3z joybarlar\u0131, t\u00e1jiriybeleri h\u00e1m ideyalar\u0131 menen jergilikli xal\u0131qqa yosh beredi<\/p>\n<p class=\"p1\">eger siz festival\u01f5a kelmekshi bolsa\u0144\u0131z h\u00e1m jergilikli xal\u0131qt\u0131 ilhamland\u0131ratu\u01f5\u0131nday q\u0131z\u0131ql\u0131 g\u00farri\u0144i\u0144iz bolsa yamasa q\u0131z\u0131ql\u0131 tariyxga iye Qaraqalpaqstan tur\u01f5\u0131n\u0131n tan\u0131sa\u0144\u0131z (yamasa \u00f3zi\u0144iz de Qaraqalpaqstannan bolsa\u0144\u0131z), bul haqq\u0131nda bizge xabar beri\u0144! biz bayanatsh\u0131lard\u0131\u0144 \u00f3zlerinen de, g\u00farri\u0144leri t\u0131\u0144law\u01f5a \u0131lay\u0131q bol\u01f5an insanlar haqq\u0131nda\u01f5\u0131 us\u0131n\u0131slard\u0131 da qab\u0131l etemiz.<\/p>\n<p class=\"p1\">arza taps\u0131r\u0131wd\u0131\u0144 so\u0144\u01f5\u0131 m\u00faddeti: 12-mart<\/p>\n<p class=\"p1\">Arzan\u0131 m\u0131na siltemedegi forman\u0131 tolt\u0131r\u0131w arqal\u0131 taps\u0131rsa\u0144\u0131z <a href=\"https:\/\/forms.gle\/mkAyAT6nqWHiXQW58\">bolad\u0131<\/a>:<\/p>\n<p class=\"p1\"><a href=\"https:\/\/forms.gle\/mkAyAT6nqWHiXQW58\">https:\/\/forms.gle\/mkAyAT6nqWHiXQW58<\/a><\/p>\n\t\t\t\t\t\t\t<br>\n\t\t\t\t\t\t\t\t\t\t\t\t\t<\/div>\n\t\t\t\t\t<\/div>\n\t\t\t\t<\/div>\n\t\t\t<\/div>\n        \t\t\t<div class=\"artist-slide\"\n\t\t\t\t data-title=\"MUSIC\">\n\t\t\t\t<div class=\"artist-slide-wrap\">\n\t\t\t\t\t<div class=\"artist-image\">\n                        <img loading=\"lazy\" decoding=\"async\" width=\"1024\" height=\"1280\" src=\"https:\/\/stihia.org\/wp-content\/uploads\/2025\/02\/photo_5282756418157537133_y.jpg\" class=\"attachment-full size-full wp-post-image\" alt=\"\" srcset=\"https:\/\/stihia.org\/wp-content\/uploads\/2025\/02\/photo_5282756418157537133_y.jpg 1024w, https:\/\/stihia.org\/wp-content\/uploads\/2025\/02\/photo_5282756418157537133_y-240x300.jpg 240w, https:\/\/stihia.org\/wp-content\/uploads\/2025\/02\/photo_5282756418157537133_y-819x1024.jpg 819w, https:\/\/stihia.org\/wp-content\/uploads\/2025\/02\/photo_5282756418157537133_y-768x960.jpg 768w, https:\/\/stihia.org\/wp-content\/uploads\/2025\/02\/photo_5282756418157537133_y-800x1000.jpg 800w\" sizes=\"auto, (max-width: 1024px) 100vw, 1024px\" \/>\t\t\t\t\t<\/div>\n\t\t\t\t\t<div class=\"artist-content\">\n\t\t\t\t\t\t<div class=\"artist-title-wrap\">\n\t\t\t\t\t\t\t<div class=\"artist-title\">MUSIC<\/div>\n\t\t\t\t\t\t\t<div class=\"arrows\">\n\t\t\t\t\t\t\t\t<span class=\"prev-arrow\">\n\t\t\t\t\t\t\t\t\t<svg width=\"19\" height=\"32\" viewBox=\"0 0 19 32\" fill=\"none\"\n\t\t\t\t\t\t\t\t\t\t xmlns=\"http:\/\/www.w3.org\/2000\/svg\">\n\t\t\t\t\t\t\t\t\t\t<path d=\"M18 32L2 16L18 -9.53674e-07\" stroke=\"white\" stroke-width=\"2\"\/>\n\t\t\t\t\t\t\t\t\t<\/svg>\n\t\t\t\t\t\t\t\t<\/span>\n\t\t\t\t\t\t\t\t<span class=\"next-arrow\">\n\t\t\t\t\t\t\t\t\t<svg width=\"19\" height=\"32\" viewBox=\"0 0 19 32\" fill=\"none\"\n\t\t\t\t\t\t\t\t\t\t xmlns=\"http:\/\/www.w3.org\/2000\/svg\">\n\t\t\t\t\t\t\t\t\t\t<path d=\"M1 0L17 16L1 32\" stroke=\"white\" stroke-width=\"2\"\/>\n\t\t\t\t\t\t\t\t\t<\/svg>\n\t\t\t\t\t\t\t\t<\/span>\n\t\t\t\t\t\t\t<\/div>\n\t\t\t\t\t\t<\/div>\n\t\t\t\t\t\t<div class=\"artist-info\">\n                            <p>Stixiya \u2013 Orayl\u0131q Aziyada\u01f5\u0131 e\u0144 iri elektron muz\u0131ka festival\u0131 bol\u0131p, biz b\u0131y\u0131l\u01f5\u0131 laynapt\u0131 ja\u0144a atlar menen bay\u0131t\u0131wd\u0131 niyet etip ot\u0131rm\u0131z.<br \/>\nEger siz ash\u0131q saxnalard\u0131\u0144 birinde \u00f3neri\u0144izdi k\u00f3rsetki\u0144iz kelse, onda profil bas\u0131nda\u01f5\u0131 silteme arqal\u0131 <a href=\"https:\/\/forms.gle\/my3rJdT5qw3TpX2y7\">forman\u0131<\/a> tolt\u0131r\u0131w\u0131\u0144\u0131z kerek.<br \/>\nSon\u0131 da atap \u00f3tiw or\u0131nl\u0131, biz logistika, turaq jay h\u00e1m gonorar \u01f5\u00e1rejetlerin qaplap bermeymiz, biraq ta\u0144lan\u01f5an muz\u0131kantlard\u0131 festivald\u0131\u0144 ul\u0131wma laynap\u0131 da\u01f5azalar\u0131nda k\u00f3rsetemiz.<\/p>\n<p>Atap \u00f3tiw \u00e1hmiyetli! Tiykar\u01f5\u0131 eki saxnan\u0131\u0144 laynap\u0131nan \u00f3tken artistlerge gonorarlar t\u00f3lenedi, sonday-aq, olard\u0131\u0144 samolyot pul\u0131, jataq jay\u0131 h\u00e1m awqatlan\u0131w\u0131 tol\u0131q qaplanad\u0131.<br \/>\nBul open callda, d\u00e1l #BackToMuynak open deck saxnas\u0131 (tamashag\u00f3yler ush\u0131n biypul saxna) h\u00e1m \u00f3z d\u00f3retiwshiligin festivalda sh\u0131\u01f5\u0131p k\u00f3rsetiwdi q\u00e1lewshi (m\u0131sal\u0131, ols\u0131z da b\u00e1ri bir Stixiya\u01f5a baratu\u01f5\u0131n, k\u00f3pten beri Stixiyada \u00f3ner k\u00f3rsetiwdi q\u00e1legen, \u00falken saxnada \u00e1jay\u0131p debyutin atqar\u0131wd\u0131 yaki jay \u01f5ana \u00e1jay\u0131p t\u00e1rizde \u00f3z at\u0131n k\u00f3teriwdi q\u00e1leytu\u01f5\u0131n) jas artistler haqq\u0131nda s\u00f3z etilip at\u0131r.<\/p>\n<p class=\"p1\">arza taps\u0131r\u0131wd\u0131\u0144 so\u0144\u01f5\u0131 m\u00faddeti: 28-fevral<\/p>\n<p class=\"p1\">Arzan\u0131 m\u0131na siltemedegi forman\u0131 tolt\u0131r\u0131w arqal\u0131 taps\u0131rsa\u0144\u0131z bolad\u0131: <strong><a href=\"https:\/\/forms.gle\/my3rJdT5qw3TpX2y7\">https:\/\/forms.gle\/my3rJdT5qw3TpX2y7<\/a><\/strong><\/p>\n<p>&nbsp;<\/p>\n<p>&nbsp;<\/p>\n\t\t\t\t\t\t\t<br>\n\t\t\t\t\t\t\t\t\t\t\t\t\t<\/div>\n\t\t\t\t\t<\/div>\n\t\t\t\t<\/div>\n\t\t\t<\/div>\n        \t<\/div>\n\n\n","protected":false},"excerpt":{"rendered":"","protected":false},"author":1,"featured_media":0,"parent":0,"menu_order":0,"comment_status":"closed","ping_status":"closed","template":"page-posts-carousel.php","meta":{"footnotes":""},"class_list":["post-9462","page","type-page","status-publish","hentry"],"yoast_head":"<!-- This site is optimized with the Yoast SEO plugin v24.5 - https:\/\/yoast.com\/wordpress\/plugins\/seo\/ -->\n<title>Open call - Stihia<\/title>\n<meta name=\"robots\" content=\"index, follow, max-snippet:-1, max-image-preview:large, max-video-preview:-1\" \/>\n<link rel=\"canonical\" href=\"https:\/\/stihia.org\/ka\/open-call\/\" \/>\n<meta property=\"og:locale\" content=\"en_US\" \/>\n<meta property=\"og:type\" content=\"article\" \/>\n<meta property=\"og:title\" content=\"Open call - Stihia\" \/>\n<meta property=\"og:url\" content=\"https:\/\/stihia.org\/ka\/open-call\/\" \/>\n<meta property=\"og:site_name\" content=\"Stihia\" \/>\n<meta name=\"twitter:card\" content=\"summary_large_image\" \/>\n<script type=\"application\/ld+json\" class=\"yoast-schema-graph\">{\"@context\":\"https:\/\/schema.org\",\"@graph\":[{\"@type\":\"WebPage\",\"@id\":\"https:\/\/stihia.org\/ka\/open-call\/\",\"url\":\"https:\/\/stihia.org\/ka\/open-call\/\",\"name\":\"Open call - Stihia\",\"isPartOf\":{\"@id\":\"https:\/\/stihia.org\/ru\/#website\"},\"datePublished\":\"2025-02-07T08:15:58+00:00\",\"breadcrumb\":{\"@id\":\"https:\/\/stihia.org\/ka\/open-call\/#breadcrumb\"},\"inLanguage\":\"qq-QQ\",\"potentialAction\":[{\"@type\":\"ReadAction\",\"target\":[\"https:\/\/stihia.org\/ka\/open-call\/\"]}]},{\"@type\":\"BreadcrumbList\",\"@id\":\"https:\/\/stihia.org\/ka\/open-call\/#breadcrumb\",\"itemListElement\":[{\"@type\":\"ListItem\",\"position\":1,\"name\":\"Home\",\"item\":\"https:\/\/stihia.org\/\"},{\"@type\":\"ListItem\",\"position\":2,\"name\":\"Open call\"}]},{\"@type\":\"WebSite\",\"@id\":\"https:\/\/stihia.org\/ru\/#website\",\"url\":\"https:\/\/stihia.org\/ru\/\",\"name\":\"Stihia\",\"description\":\"Waiting in sands\u2026\",\"potentialAction\":[{\"@type\":\"SearchAction\",\"target\":{\"@type\":\"EntryPoint\",\"urlTemplate\":\"https:\/\/stihia.org\/ru\/?s={search_term_string}\"},\"query-input\":{\"@type\":\"PropertyValueSpecification\",\"valueRequired\":true,\"valueName\":\"search_term_string\"}}],\"inLanguage\":\"qq-QQ\"}]}<\/script>\n<!-- \/ Yoast SEO plugin. -->","yoast_head_json":{"title":"Open call - Stihia","robots":{"index":"index","follow":"follow","max-snippet":"max-snippet:-1","max-image-preview":"max-image-preview:large","max-video-preview":"max-video-preview:-1"},"canonical":"https:\/\/stihia.org\/ka\/open-call\/","og_locale":"en_US","og_type":"article","og_title":"Open call - Stihia","og_url":"https:\/\/stihia.org\/ka\/open-call\/","og_site_name":"Stihia","twitter_card":"summary_large_image","schema":{"@context":"https:\/\/schema.org","@graph":[{"@type":"WebPage","@id":"https:\/\/stihia.org\/ka\/open-call\/","url":"https:\/\/stihia.org\/ka\/open-call\/","name":"Open call - Stihia","isPartOf":{"@id":"https:\/\/stihia.org\/ru\/#website"},"datePublished":"2025-02-07T08:15:58+00:00","breadcrumb":{"@id":"https:\/\/stihia.org\/ka\/open-call\/#breadcrumb"},"inLanguage":"qq-QQ","potentialAction":[{"@type":"ReadAction","target":["https:\/\/stihia.org\/ka\/open-call\/"]}]},{"@type":"BreadcrumbList","@id":"https:\/\/stihia.org\/ka\/open-call\/#breadcrumb","itemListElement":[{"@type":"ListItem","position":1,"name":"Home","item":"https:\/\/stihia.org\/"},{"@type":"ListItem","position":2,"name":"Open call"}]},{"@type":"WebSite","@id":"https:\/\/stihia.org\/ru\/#website","url":"https:\/\/stihia.org\/ru\/","name":"Stihia","description":"Waiting in sands\u2026","potentialAction":[{"@type":"SearchAction","target":{"@type":"EntryPoint","urlTemplate":"https:\/\/stihia.org\/ru\/?s={search_term_string}"},"query-input":{"@type":"PropertyValueSpecification","valueRequired":true,"valueName":"search_term_string"}}],"inLanguage":"qq-QQ"}]}},"_links":{"self":[{"href":"https:\/\/stihia.org\/ka\/wp-json\/wp\/v2\/pages\/9462","targetHints":{"allow":["GET"]}}],"collection":[{"href":"https:\/\/stihia.org\/ka\/wp-json\/wp\/v2\/pages"}],"about":[{"href":"https:\/\/stihia.org\/ka\/wp-json\/wp\/v2\/types\/page"}],"author":[{"embeddable":true,"href":"https:\/\/stihia.org\/ka\/wp-json\/wp\/v2\/users\/1"}],"replies":[{"embeddable":true,"href":"https:\/\/stihia.org\/ka\/wp-json\/wp\/v2\/comments?post=9462"}],"version-history":[{"count":0,"href":"https:\/\/stihia.org\/ka\/wp-json\/wp\/v2\/pages\/9462\/revisions"}],"wp:attachment":[{"href":"https:\/\/stihia.org\/ka\/wp-json\/wp\/v2\/media?parent=9462"}],"curies":[{"name":"wp","href":"https:\/\/api.w.org\/{rel}","templated":true}]}}